{"id":25851,"date":"2025-05-19T15:12:15","date_gmt":"2025-05-19T13:12:15","guid":{"rendered":"https:\/\/backstagetourism.com\/teamevent-in-berlin\/"},"modified":"2025-05-19T16:58:47","modified_gmt":"2025-05-19T14:58:47","slug":"teambuilding-in-berlin","status":"publish","type":"page","link":"https:\/\/backstagetourism.com\/en\/teambuilding-in-berlin\/","title":{"rendered":"Teambuilding in Berlin"},"content":{"rendered":"<div class=\"fusion-fullwidth fullwidth-box fusion-builder-row-1 nonhundred-percent-fullwidth non-hundred-percent-height-scrolling\" style=\"--awb-border-radius-top-left:0px;--awb-border-radius-top-right:0px;--awb-border-radius-bottom-right:0px;--awb-border-radius-bottom-left:0px;--awb-flex-wrap:wrap;\" ><div class=\"fusion-builder-row fusion-row\"><div class=\"fusion-layout-column fusion_builder_column fusion-builder-column-0 fusion_builder_column_1_1 1_1 fusion-one-full fusion-column-first fusion-column-last\" style=\"--awb-bg-size:cover;\"><div class=\"fusion-column-wrapper fusion-flex-column-wrapper-legacy\"><div class=\"fusion-text fusion-text-1\"><h1>United with Team Spirit in a Group Canoe on the Spree River<\/h1>\n<\/div><div class=\"fusion-clearfix\"><\/div><\/div><\/div><div class=\"fusion-layout-column fusion_builder_column fusion-builder-column-1 fusion_builder_column_1_2 1_2 fusion-one-half fusion-column-first\" style=\"--awb-bg-size:cover;width:50%;width:calc(50% - ( ( 4% ) * 0.5 ) );margin-right: 4%;\"><div class=\"fusion-column-wrapper fusion-flex-column-wrapper-legacy\"><div class=\"fusion-text fusion-text-2\"><p><strong>Teambuilding, Teamevents, Teamwork, Nature Experience &amp; Motivation on the Berlin Spree<\/strong><\/p>\n<p>Experience an extraordinary teambuilding adventure on the water! Our canoe tours with group canoes offer the perfect opportunity to strengthen teamwork, communication, and coordination in a refreshing way with Teambuilding in Berlin.<\/p>\n<p><strong>Our Teambuildings in Berlin are perfect for:<\/strong> Companies, teams, school classes or groups of friends who want to grow together away from the everyday office life \u2013 with fresh air, exercise and real team spirit.<\/p>\n<\/div><div class=\"fusion-clearfix\"><\/div><\/div><\/div><div class=\"fusion-layout-column fusion_builder_column fusion-builder-column-2 fusion_builder_column_1_2 1_2 fusion-one-half fusion-column-last\" style=\"--awb-bg-size:cover;width:50%;width:calc(50% - ( ( 4% ) * 0.5 ) );\"><div class=\"fusion-column-wrapper fusion-flex-column-wrapper-legacy\"><div class=\"fusion-image-element in-legacy-container\" style=\"--awb-caption-title-font-family:var(--h2_typography-font-family);--awb-caption-title-font-weight:var(--h2_typography-font-weight);--awb-caption-title-font-style:var(--h2_typography-font-style);--awb-caption-title-size:var(--h2_typography-font-size);--awb-caption-title-transform:var(--h2_typography-text-transform);--awb-caption-title-line-height:var(--h2_typography-line-height);--awb-caption-title-letter-spacing:var(--h2_typography-letter-spacing);\"><span class=\" fusion-imageframe imageframe-none imageframe-1 hover-type-none\"><img decoding=\"async\" width=\"510\" height=\"333\" alt=\"Ruderboot mit dem Namen \u201eSpritzmeister\u201c f\u00e4hrt vor der Oberbaumbr\u00fccke entlang, im Hintergrund f\u00e4hrt eine gelbe U-Bahn \u00fcber die Br\u00fccke\" title=\"backstagetourism-teamevent-06\" src=\"https:\/\/backstagetourism.com\/wp-content\/uploads\/2025\/05\/backstagetourism-teamevent-06.jpg\" class=\"img-responsive wp-image-25797\" srcset=\"https:\/\/backstagetourism.com\/wp-content\/uploads\/2025\/05\/backstagetourism-teamevent-06-200x131.jpg 200w, https:\/\/backstagetourism.com\/wp-content\/uploads\/2025\/05\/backstagetourism-teamevent-06-400x261.jpg 400w, https:\/\/backstagetourism.com\/wp-content\/uploads\/2025\/05\/backstagetourism-teamevent-06.jpg 510w\" sizes=\"(max-width: 1000px) 100vw, 510px\" \/><\/span><\/div><div class=\"fusion-clearfix\"><\/div><\/div><\/div><div class=\"fusion-layout-column fusion_builder_column fusion-builder-column-3 fusion_builder_column_1_1 1_1 fusion-one-full fusion-column-first fusion-column-last\" style=\"--awb-bg-size:cover;\"><div class=\"fusion-column-wrapper fusion-flex-column-wrapper-legacy\"><div class=\"fusion-text fusion-text-3\"><h2>United we stand<\/h2>\n<p><strong>Teambuilding in Berlin: An experience in a group canoe:<\/strong> The group canoes offer space for up to 8-10 people and require real teamwork: The boat only gets going if everyone paddles in the same rhythm. This challenge brings people together \u2013 whether with colleagues, club members or groups of friends.There is also enough space for laughter, casual conversation and real team moments. The dynamics on the water create a strong sense of togetherness and many unforgettable moments for your Teambuilding in Berlin.<\/p>\n<\/div><div class=\"fusion-text fusion-text-4\"><h2>Experience nature in Berlin &amp; change perspectives<\/h2>\n<p><strong>With a Teambuilding in Berlin canoe trip on the Spree:<\/strong> Our Teambuilding in Berlin events take you in group canoes on a teambuilding canoe tour through idyllic water landscapes in the east &amp; west of Berlin \u2013 green, quiet and inspiring. Nature is not just a backdrop, but also promotes creativity and mindfulness.Small impulses for observing nature or reflective questions encourage exchange and new perspectives within the team.<\/p>\n<\/div><div class=\"fusion-clearfix\"><\/div><\/div><\/div><div class=\"fusion-layout-column fusion_builder_column fusion-builder-column-4 fusion_builder_column_1_3 1_3 fusion-one-third fusion-column-first\" style=\"--awb-bg-size:cover;width:33.3333333333%;width:calc(33.3333333333% - ( ( 4% + 4% ) * 0.333333333333 ) );margin-right: 4%;\"><div class=\"fusion-column-wrapper fusion-flex-column-wrapper-legacy\"><div class=\"fusion-image-element in-legacy-container\" style=\"--awb-caption-title-font-family:var(--h2_typography-font-family);--awb-caption-title-font-weight:var(--h2_typography-font-weight);--awb-caption-title-font-style:var(--h2_typography-font-style);--awb-caption-title-size:var(--h2_typography-font-size);--awb-caption-title-transform:var(--h2_typography-text-transform);--awb-caption-title-line-height:var(--h2_typography-line-height);--awb-caption-title-letter-spacing:var(--h2_typography-letter-spacing);\"><span class=\" fusion-imageframe imageframe-none imageframe-2 hover-type-none\"><img decoding=\"async\" width=\"510\" height=\"333\" alt=\"Gruppe von Menschen hebt Paddel in die H\u00f6he und jubelt in drei nebeneinanderliegenden Ruderbooten auf der Spree\" title=\"backstagetourism-teamevent-02\" src=\"https:\/\/backstagetourism.com\/wp-content\/uploads\/2025\/05\/backstagetourism-teamevent-02.jpg\" class=\"img-responsive wp-image-25805\" srcset=\"https:\/\/backstagetourism.com\/wp-content\/uploads\/2025\/05\/backstagetourism-teamevent-02-200x131.jpg 200w, https:\/\/backstagetourism.com\/wp-content\/uploads\/2025\/05\/backstagetourism-teamevent-02-400x261.jpg 400w, https:\/\/backstagetourism.com\/wp-content\/uploads\/2025\/05\/backstagetourism-teamevent-02.jpg 510w\" sizes=\"(max-width: 1000px) 100vw, 400px\" \/><\/span><\/div><div class=\"fusion-clearfix\"><\/div><\/div><\/div><div class=\"fusion-layout-column fusion_builder_column fusion-builder-column-5 fusion_builder_column_1_3 1_3 fusion-one-third\" style=\"--awb-bg-size:cover;width:33.3333333333%;width:calc(33.3333333333% - ( ( 4% + 4% ) * 0.333333333333 ) );margin-right: 4%;\"><div class=\"fusion-column-wrapper fusion-flex-column-wrapper-legacy\"><div class=\"fusion-image-element in-legacy-container\" style=\"--awb-caption-title-font-family:var(--h2_typography-font-family);--awb-caption-title-font-weight:var(--h2_typography-font-weight);--awb-caption-title-font-style:var(--h2_typography-font-style);--awb-caption-title-size:var(--h2_typography-font-size);--awb-caption-title-transform:var(--h2_typography-text-transform);--awb-caption-title-line-height:var(--h2_typography-line-height);--awb-caption-title-letter-spacing:var(--h2_typography-letter-spacing);\"><span class=\" fusion-imageframe imageframe-none imageframe-3 hover-type-none\"><img decoding=\"async\" width=\"510\" height=\"333\" alt=\"Nahaufnahme von drei Ruderbooten mit den Aufschriften \u201eWasserfloh\u201c, \u201eWasserratte\u201c und \u201eSpritzmeister\u201c \u2013 Teilnehmer genie\u00dfen die Fahrt durch Berlin.\" title=\"backstagetourism-teamevent-01\" src=\"https:\/\/backstagetourism.com\/wp-content\/uploads\/2025\/05\/backstagetourism-teamevent-01.jpg\" class=\"img-responsive wp-image-25807\" srcset=\"https:\/\/backstagetourism.com\/wp-content\/uploads\/2025\/05\/backstagetourism-teamevent-01-200x131.jpg 200w, https:\/\/backstagetourism.com\/wp-content\/uploads\/2025\/05\/backstagetourism-teamevent-01-400x261.jpg 400w, https:\/\/backstagetourism.com\/wp-content\/uploads\/2025\/05\/backstagetourism-teamevent-01.jpg 510w\" sizes=\"(max-width: 1000px) 100vw, 400px\" \/><\/span><\/div><div class=\"fusion-clearfix\"><\/div><\/div><\/div><div class=\"fusion-layout-column fusion_builder_column fusion-builder-column-6 fusion_builder_column_1_3 1_3 fusion-one-third fusion-column-last\" style=\"--awb-bg-size:cover;width:33.3333333333%;width:calc(33.3333333333% - ( ( 4% + 4% ) * 0.333333333333 ) );\"><div class=\"fusion-column-wrapper fusion-flex-column-wrapper-legacy\"><div class=\"fusion-image-element in-legacy-container\" style=\"--awb-caption-title-font-family:var(--h2_typography-font-family);--awb-caption-title-font-weight:var(--h2_typography-font-weight);--awb-caption-title-font-style:var(--h2_typography-font-style);--awb-caption-title-size:var(--h2_typography-font-size);--awb-caption-title-transform:var(--h2_typography-text-transform);--awb-caption-title-line-height:var(--h2_typography-line-height);--awb-caption-title-letter-spacing:var(--h2_typography-letter-spacing);\"><span class=\" fusion-imageframe imageframe-none imageframe-4 hover-type-none\"><img decoding=\"async\" width=\"510\" height=\"333\" alt=\"Drei Ruderboote mit fr\u00f6hlichen Teilnehmern vor der monumentalen Skulptur \u201cMolecule Man\u201d auf der Spree in Berlin\" title=\"backstagetourism-teamevent-03\" src=\"https:\/\/backstagetourism.com\/wp-content\/uploads\/2025\/05\/backstagetourism-teamevent-03.jpg\" class=\"img-responsive wp-image-25803\" srcset=\"https:\/\/backstagetourism.com\/wp-content\/uploads\/2025\/05\/backstagetourism-teamevent-03-200x131.jpg 200w, https:\/\/backstagetourism.com\/wp-content\/uploads\/2025\/05\/backstagetourism-teamevent-03-400x261.jpg 400w, https:\/\/backstagetourism.com\/wp-content\/uploads\/2025\/05\/backstagetourism-teamevent-03.jpg 510w\" sizes=\"(max-width: 1000px) 100vw, 400px\" \/><\/span><\/div><div class=\"fusion-clearfix\"><\/div><\/div><\/div><div class=\"fusion-layout-column fusion_builder_column fusion-builder-column-7 fusion_builder_column_1_1 1_1 fusion-one-full fusion-column-first fusion-column-last\" style=\"--awb-bg-size:cover;\"><div class=\"fusion-column-wrapper fusion-flex-column-wrapper-legacy\"><div class=\"fusion-sep-clear\"><\/div><div class=\"fusion-separator fusion-full-width-sep\" style=\"margin-left: auto;margin-right: auto;margin-top:25px;width:100%;\"><\/div><div class=\"fusion-sep-clear\"><\/div><div class=\"fusion-text fusion-text-5\"><h2>More than just paddling<\/h2>\n<p><strong>Teambuilding in Berlin with team games &amp; reflection:<\/strong> On request, we integrate targeted content for even more team effect:<\/p>\n<ul>\n<li>Guided cooperation exercises on the water<\/li>\n<li>Joint BBQ after the teambuilding event on the Berlin Spree<\/li>\n<li>Delivery &amp; collection of canoes for one-way canoe tours<\/li>\n<li>Playful challenges for communication &amp; trust<\/li>\n<li>Reflection rounds with transfer to everyday work<\/li>\n<li>Individually adapted routes &amp; breaks for exchange<\/li>\n<\/ul>\n<p><strong>Ideal groups looking for Teambuilding in Berlin:<\/strong><\/p>\n<ul>\n<li>Company outings<\/li>\n<li>Team development &amp; kick-off events<\/li>\n<li>School classes &amp; youth groups<\/li>\n<li>Club or family events<\/li>\n<\/ul>\n<\/div><div class=\"fusion-clearfix\"><\/div><\/div><\/div><div class=\"fusion-layout-column fusion_builder_column fusion-builder-column-8 fusion_builder_column_1_2 1_2 fusion-one-half fusion-column-first\" style=\"--awb-bg-size:cover;width:50%;width:calc(50% - ( ( 4% ) * 0.5 ) );margin-right: 4%;\"><div class=\"fusion-column-wrapper fusion-flex-column-wrapper-legacy\"><div class=\"fusion-sep-clear\"><\/div><div class=\"fusion-separator fusion-full-width-sep\" style=\"margin-left: auto;margin-right: auto;margin-top:25px;width:100%;\"><\/div><div class=\"fusion-sep-clear\"><\/div><div class=\"fusion-video fusion-youtube\" style=\"--awb-max-width:600px;--awb-max-height:360px;\"><div class=\"video-shortcode\"><div class=\"fluid-width-video-wrapper\" style=\"padding-top:60%;\" ><iframe title=\"YouTube video player 1\" src=\"https:\/\/www.youtube.com\/embed\/Byj5Za9u_bo??wmode=transparent&autoplay=0\" width=\"600\" height=\"360\" allowfullscreen allow=\"autoplay; clipboard-write; encrypted-media; gyroscope; picture-in-picture;\"><\/iframe><\/div><\/div><\/div><div class=\"fusion-clearfix\"><\/div><\/div><\/div><div class=\"fusion-layout-column fusion_builder_column fusion-builder-column-9 fusion_builder_column_1_2 1_2 fusion-one-half fusion-column-last\" style=\"--awb-bg-size:cover;width:50%;width:calc(50% - ( ( 4% ) * 0.5 ) );\"><div class=\"fusion-column-wrapper fusion-flex-column-wrapper-legacy\"><div class=\"fusion-text fusion-text-6\"><h2>BBQ on the banks of the Spree<\/h2>\n<p><strong>The perfect end to your Teambuilding in Berlin:<\/strong> After the adventure on the water, the next highlight awaits: a joint BBQ on the banks of the Spree. In a relaxed atmosphere, you can end the day, review the impressions and exchange ideas over delicious food. Grill, seating, campfire and extra wishes for catering \u2013 everything is prepared for your Teambuilding in Berlin.<\/p>\n<\/div><div class=\"fusion-clearfix\"><\/div><\/div><\/div><div class=\"fusion-layout-column fusion_builder_column fusion-builder-column-10 fusion_builder_column_1_1 1_1 fusion-one-full fusion-column-first fusion-column-last\" style=\"--awb-bg-size:cover;\"><div class=\"fusion-column-wrapper fusion-flex-column-wrapper-legacy\"><div class=\"fusion-text fusion-text-7\"><h2>Safety &amp; organization before the Teambuilding in Berlin start<\/h2>\n<p>The Teambuilding in Berlin is in the best hands with us: Our experienced guides ensure safety, motivation and a good atmosphere. Swimming skills are required. We provide all the equipment (including life jackets). There is a comprehensive introduction before each tour.<\/p>\n<\/div><div class=\"fusion-sep-clear\"><\/div><div class=\"fusion-separator fusion-full-width-sep\" style=\"margin-left: auto;margin-right: auto;margin-top:25px;width:100%;\"><\/div><div class=\"fusion-sep-clear\"><\/div><div class=\"fusion-text fusion-text-8\"><h2>For a sustainable team experience<\/h2>\n<p>Whether as a summer outing, company celebration or school project \u2013 we assure you that your Teambuilding in Berlin will be remembered! We would be happy to advise you individually and create an offer that is tailored to your group.<\/p>\n<\/div><div class=\"fusion-aligncenter\"><a class=\"fusion-button button-flat fusion-button-default-size button-default fusion-button-default button-1 fusion-button-span-no fusion-button-default-type\" target=\"_self\" href=\"https:\/\/backstagetourism.com\/en\/inquiry\/\"><span class=\"fusion-button-text awb-button__text awb-button__text--default\"> Inquire now!<\/span><\/a><\/div><div class=\"fusion-sep-clear\"><\/div><div class=\"fusion-separator fusion-full-width-sep\" style=\"margin-left: auto;margin-right: auto;margin-top:25px;width:100%;\"><\/div><div class=\"fusion-sep-clear\"><\/div><div class=\"fusion-clearfix\"><\/div><\/div><\/div><div class=\"fusion-layout-column fusion_builder_column fusion-builder-column-11 fusion_builder_column_1_1 1_1 fusion-one-full fusion-column-first fusion-column-last\" style=\"--awb-bg-size:cover;\"><div class=\"fusion-column-wrapper fusion-flex-column-wrapper-legacy\"><div class=\"fusion-clearfix\"><\/div><\/div><\/div><\/div><\/div>\n","protected":false},"excerpt":{"rendered":"","protected":false},"author":1,"featured_media":0,"parent":0,"menu_order":0,"comment_status":"closed","ping_status":"closed","template":"","meta":{"_seopress_robots_primary_cat":"","_seopress_titles_title":"Join forces in a team canoe across the Spree - Backstagetourism","_seopress_titles_desc":"Experience a unique team event in Berlin \u2013 paddle across the Spree in team canoes, strengthen team spirit and end the day with a relaxed BBQ.","_seopress_robots_index":"","footnotes":""},"_links":{"self":[{"href":"https:\/\/backstagetourism.com\/en\/wp-json\/wp\/v2\/pages\/25851"}],"collection":[{"href":"https:\/\/backstagetourism.com\/en\/wp-json\/wp\/v2\/pages"}],"about":[{"href":"https:\/\/backstagetourism.com\/en\/wp-json\/wp\/v2\/types\/page"}],"author":[{"embeddable":true,"href":"https:\/\/backstagetourism.com\/en\/wp-json\/wp\/v2\/users\/1"}],"replies":[{"embeddable":true,"href":"https:\/\/backstagetourism.com\/en\/wp-json\/wp\/v2\/comments?post=25851"}],"version-history":[{"count":5,"href":"https:\/\/backstagetourism.com\/en\/wp-json\/wp\/v2\/pages\/25851\/revisions"}],"predecessor-version":[{"id":25856,"href":"https:\/\/backstagetourism.com\/en\/wp-json\/wp\/v2\/pages\/25851\/revisions\/25856"}],"wp:attachment":[{"href":"https:\/\/backstagetourism.com\/en\/wp-json\/wp\/v2\/media?parent=25851"}],"curies":[{"name":"wp","href":"https:\/\/api.w.org\/{rel}","templated":true}]}}